{"id":9613,"date":"2023-05-09T15:14:47","date_gmt":"2023-05-09T13:14:47","guid":{"rendered":"https:\/\/signaldebougy.ch\/dining\/gelateria\/"},"modified":"2026-03-15T16:38:02","modified_gmt":"2026-03-15T15:38:02","slug":"gelateria","status":"publish","type":"page","link":"https:\/\/signaldebougy.ch\/en\/dining\/gelateria\/","title":{"rendered":"Gelateria"},"content":{"rendered":"\t\t<div data-elementor-type=\"wp-page\" data-elementor-id=\"9613\" class=\"elementor elementor-9613 elementor-88\" data-elementor-post-type=\"page\">\n\t\t\t\t<div class=\"elementor-element elementor-element-faf4702 e-flex e-con-boxed e-con e-parent\" data-id=\"faf4702\" data-element_type=\"container\" data-e-type=\"container\" data-settings=\"{&quot;background_background&quot;:&quot;classic&quot;,&quot;shape_divider_bottom&quot;:&quot;curve&quot;,&quot;shape_divider_bottom_negative&quot;:&quot;yes&quot;}\">\n\t\t\t\t\t<div class=\"e-con-inner\">\n\t\t\t\t<div class=\"elementor-shape elementor-shape-bottom\" aria-hidden=\"true\" data-negative=\"true\">\n\t\t\t<svg xmlns=\"http:\/\/www.w3.org\/2000\/svg\" viewBox=\"0 0 1000 100\" preserveAspectRatio=\"none\">\n\t<path class=\"elementor-shape-fill\" d=\"M500,97C126.7,96.3,0.8,19.8,0,0v100l1000,0V1C1000,19.4,873.3,97.8,500,97z\"\/>\n<\/svg>\t\t<\/div>\n\t\t\t\t<div class=\"elementor-element elementor-element-b3bb16e elementor-widget elementor-widget-heading\" data-id=\"b3bb16e\" data-element_type=\"widget\" data-e-type=\"widget\" data-widget_type=\"heading.default\">\n\t\t\t\t<div class=\"elementor-widget-container\">\n\t\t\t\t\t<h2 class=\"elementor-heading-title elementor-size-default\">Gelateria<\/h2>\t\t\t\t<\/div>\n\t\t\t\t<\/div>\n\t\t\t\t<div class=\"elementor-element elementor-element-ab9549c elementor-widget elementor-widget-text-editor\" data-id=\"ab9549c\" data-element_type=\"widget\" data-e-type=\"widget\" data-widget_type=\"text-editor.default\">\n\t\t\t\t<div class=\"elementor-widget-container\">\n\t\t\t\t\t\t\t\t\t<p>Venez savourer nos glaces onctueuses et rafraichissantes tout en profitant d\u2019une vue imprenable sur le L\u00e9man et le Mont Blanc. De quoi s\u2019offrir un pur moment de d\u00e9tente, de d\u00e9lice et de fra\u00eecheur dans un cadre idyllique.<\/p>\t\t\t\t\t\t\t\t<\/div>\n\t\t\t\t<\/div>\n\t\t<div class=\"elementor-element elementor-element-160a3e1 e-flex e-con-boxed e-con e-child\" data-id=\"160a3e1\" data-element_type=\"container\" data-e-type=\"container\">\n\t\t\t\t\t<div class=\"e-con-inner\">\n\t\t<div class=\"elementor-element elementor-element-e9fc8ca e-flex e-con-boxed e-con e-child\" data-id=\"e9fc8ca\" data-element_type=\"container\" data-e-type=\"container\">\n\t\t\t\t\t<div class=\"e-con-inner\">\n\t\t\t\t<div class=\"elementor-element elementor-element-6367893 elementor-widget elementor-widget-image\" data-id=\"6367893\" data-element_type=\"widget\" data-e-type=\"widget\" data-widget_type=\"image.default\">\n\t\t\t\t<div class=\"elementor-widget-container\">\n\t\t\t\t\t\t\t\t\t\t\t\t\t\t\t<img decoding=\"async\" width=\"80\" height=\"80\" data-src=\"https:\/\/signaldebougy.ch\/wp-content\/uploads\/2023\/05\/attractions_ouvertures.png\" class=\"attachment-large size-large wp-image-3924 lazyload\" alt=\"attractions ouvertures\" src=\"data:image\/svg+xml;base64,PHN2ZyB3aWR0aD0iMSIgaGVpZ2h0PSIxIiB4bWxucz0iaHR0cDovL3d3dy53My5vcmcvMjAwMC9zdmciPjwvc3ZnPg==\" style=\"--smush-placeholder-width: 80px; --smush-placeholder-aspect-ratio: 80\/80;\" \/>\t\t\t\t\t\t\t\t\t\t\t\t\t\t\t<\/div>\n\t\t\t\t<\/div>\n\t\t\t\t<div class=\"elementor-element elementor-element-1303a13 elementor-widget elementor-widget-text-editor\" data-id=\"1303a13\" data-element_type=\"widget\" data-e-type=\"widget\" data-widget_type=\"text-editor.default\">\n\t\t\t\t<div class=\"elementor-widget-container\">\n\t\t\t\t\t\t\t\t\t<p style=\"margin-bottom: 0;\"><span style=\"color: #f8a833;\"><a style=\"color: #f8a833;\" href=\"https:\/\/signaldebougy.ch\/infos-pratiques\/horaires\/\">Nos horaires<\/a><\/span><\/p>\t\t\t\t\t\t\t\t<\/div>\n\t\t\t\t<\/div>\n\t\t\t\t\t<\/div>\n\t\t\t\t<\/div>\n\t\t\t\t\t<\/div>\n\t\t\t\t<\/div>\n\t\t\t\t\t<\/div>\n\t\t\t\t<\/div>\n\t\t<div class=\"elementor-element elementor-element-7b239f0 e-flex e-con-boxed e-con e-parent\" data-id=\"7b239f0\" data-element_type=\"container\" data-e-type=\"container\">\n\t\t\t\t\t<div class=\"e-con-inner\">\n\t\t<div class=\"elementor-element elementor-element-4045af1 e-con-full e-flex e-con e-child\" data-id=\"4045af1\" data-element_type=\"container\" data-e-type=\"container\" data-settings=\"{&quot;background_background&quot;:&quot;classic&quot;}\">\n\t\t\t\t<div class=\"elementor-element elementor-element-40413a3 fix_nav_position dup_bg elementor-arrows-position-inside elementor-widget elementor-widget-image-carousel\" data-id=\"40413a3\" data-element_type=\"widget\" data-e-type=\"widget\" data-settings=\"{&quot;slides_to_show&quot;:&quot;1&quot;,&quot;navigation&quot;:&quot;arrows&quot;,&quot;autoplay&quot;:&quot;yes&quot;,&quot;pause_on_hover&quot;:&quot;yes&quot;,&quot;pause_on_interaction&quot;:&quot;yes&quot;,&quot;autoplay_speed&quot;:5000,&quot;infinite&quot;:&quot;yes&quot;,&quot;effect&quot;:&quot;slide&quot;,&quot;speed&quot;:500}\" data-widget_type=\"image-carousel.default\">\n\t\t\t\t<div class=\"elementor-widget-container\">\n\t\t\t\t\t\t\t<div class=\"elementor-image-carousel-wrapper swiper\" role=\"region\" aria-roledescription=\"carousel\" aria-label=\"Carrousel d\u2019images\" dir=\"ltr\">\n\t\t\t<div class=\"elementor-image-carousel swiper-wrapper\" aria-live=\"off\">\n\t\t\t\t\t\t\t\t<div class=\"swiper-slide\" role=\"group\" aria-roledescription=\"slide\" aria-label=\"1 of 1\"><figure class=\"swiper-slide-inner\"><img decoding=\"async\" class=\"swiper-slide-image lazyload\" data-src=\"https:\/\/signaldebougy.ch\/wp-content\/uploads\/2023\/05\/glace.jpg\" alt=\"glace\" src=\"data:image\/svg+xml;base64,PHN2ZyB3aWR0aD0iMSIgaGVpZ2h0PSIxIiB4bWxucz0iaHR0cDovL3d3dy53My5vcmcvMjAwMC9zdmciPjwvc3ZnPg==\" style=\"--smush-placeholder-width: 600px; --smush-placeholder-aspect-ratio: 600\/900;\" \/><\/figure><\/div>\t\t\t<\/div>\n\t\t\t\t\t<\/div>\n\t\t\t\t\t\t<\/div>\n\t\t\t\t<\/div>\n\t\t\t\t<\/div>\n\t\t<div class=\"elementor-element elementor-element-773a469 e-flex e-con-boxed e-con e-child\" data-id=\"773a469\" data-element_type=\"container\" data-e-type=\"container\">\n\t\t\t\t\t<div class=\"e-con-inner\">\n\t\t\t\t<div class=\"elementor-element elementor-element-0b540f6 elementor-widget elementor-widget-heading\" data-id=\"0b540f6\" data-element_type=\"widget\" data-e-type=\"widget\" data-widget_type=\"heading.default\">\n\t\t\t\t<div class=\"elementor-widget-container\">\n\t\t\t\t\t<h2 class=\"elementor-heading-title elementor-size-default\">STRAWBERRY, VANILLA, OR CHOCOLATE?<\/h2>\t\t\t\t<\/div>\n\t\t\t\t<\/div>\n\t\t\t\t<div class=\"elementor-element elementor-element-eedca63 elementor-widget__width-initial elementor-widget elementor-widget-text-editor\" data-id=\"eedca63\" data-element_type=\"widget\" data-e-type=\"widget\" data-widget_type=\"text-editor.default\">\n\t\t\t\t<div class=\"elementor-widget-container\">\n\t\t\t\t\t\t\t\t\tNo matter which flavor you like, the Gelateria is a must during your visit. Young or old gourmands can enjoy creamy and refreshing ice creams with varied flavors, from classic vanilla to tempting salted butter caramel. And, to top it all off, you can admire the breathtaking view of Lake Geneva and the majestic Mont-Blanc while enjoying your frozen pleasure. Remember to take a photo to immortalize this pleasant moment!   \t\t\t\t\t\t\t\t<\/div>\n\t\t\t\t<\/div>\n\t\t\t\t\t<\/div>\n\t\t\t\t<\/div>\n\t\t\t\t\t<\/div>\n\t\t\t\t<\/div>\n\t\t<div class=\"elementor-element elementor-element-a4cc251 e-flex e-con-boxed e-con e-parent\" data-id=\"a4cc251\" data-element_type=\"container\" data-e-type=\"container\">\n\t\t\t\t\t<div class=\"e-con-inner\">\n\t\t\t\t<div class=\"elementor-element elementor-element-0b88e66 elementor-widget elementor-widget-heading\" data-id=\"0b88e66\" data-element_type=\"widget\" data-e-type=\"widget\" data-widget_type=\"heading.default\">\n\t\t\t\t<div class=\"elementor-widget-container\">\n\t\t\t\t\t<h2 class=\"elementor-heading-title elementor-size-default\">STILL HUNGRY?<\/h2>\t\t\t\t<\/div>\n\t\t\t\t<\/div>\n\t\t\t\t\t<\/div>\n\t\t\t\t<\/div>\n\t\t<div class=\"elementor-element elementor-element-987a90b e-flex e-con-boxed e-con e-parent\" data-id=\"987a90b\" data-element_type=\"container\" data-e-type=\"container\" data-settings=\"{&quot;background_background&quot;:&quot;classic&quot;}\">\n\t\t\t\t\t<div class=\"e-con-inner\">\n\t\t<div class=\"elementor-element elementor-element-a65a936 e-con-full e-flex e-con e-child\" data-id=\"a65a936\" data-element_type=\"container\" data-e-type=\"container\">\n\t\t<div class=\"elementor-element elementor-element-ee6df00 e-con-full e-flex e-con e-child\" data-id=\"ee6df00\" data-element_type=\"container\" data-e-type=\"container\">\n\t\t<div class=\"elementor-element elementor-element-edc7f11 e-con-full e-flex e-con e-child\" data-id=\"edc7f11\" data-element_type=\"container\" data-e-type=\"container\" data-settings=\"{&quot;background_background&quot;:&quot;classic&quot;}\">\n\t\t<div class=\"elementor-element elementor-element-00f8dab inner-curve inner-curve-primary e-flex e-con-boxed e-con e-child\" data-id=\"00f8dab\" data-element_type=\"container\" data-e-type=\"container\" data-settings=\"{&quot;background_background&quot;:&quot;classic&quot;}\">\n\t\t\t\t\t<div class=\"e-con-inner\">\n\t\t\t\t\t<\/div>\n\t\t\t\t<\/div>\n\t\t\t\t<div class=\"elementor-element elementor-element-8613926 elementor-widget elementor-widget-heading\" data-id=\"8613926\" data-element_type=\"widget\" data-e-type=\"widget\" data-widget_type=\"heading.default\">\n\t\t\t\t<div class=\"elementor-widget-container\">\n\t\t\t\t\t<h2 class=\"elementor-heading-title elementor-size-default\">SELF SERVICE<\/h2>\t\t\t\t<\/div>\n\t\t\t\t<\/div>\n\t\t\t\t<div class=\"elementor-element elementor-element-199e769 elementor-widget elementor-widget-text-editor\" data-id=\"199e769\" data-element_type=\"widget\" data-e-type=\"widget\" data-widget_type=\"text-editor.default\">\n\t\t\t\t<div class=\"elementor-widget-container\">\n\t\t\t\t\t\t\t\t\t<p>The whole family will enjoy the Signal de Bougy self-service restaurant. Enjoy the dishes our Chef has prepared: he made sure to please all preferences. <\/p>\t\t\t\t\t\t\t\t<\/div>\n\t\t\t\t<\/div>\n\t\t\t\t<div class=\"elementor-element elementor-element-2693f5c elementor-widget__width-auto elementor-align-center elementor-widget elementor-widget-button\" data-id=\"2693f5c\" data-element_type=\"widget\" data-e-type=\"widget\" data-widget_type=\"button.default\">\n\t\t\t\t<div class=\"elementor-widget-container\">\n\t\t\t\t\t\t\t\t\t<div class=\"elementor-button-wrapper\">\n\t\t\t\t\t<a class=\"elementor-button elementor-button-link elementor-size-sm\" href=\"https:\/\/signaldebougy.ch\/en\/dining\/self-service\/\">\n\t\t\t\t\t\t<span class=\"elementor-button-content-wrapper\">\n\t\t\t\t\t\t\t\t\t<span class=\"elementor-button-text\">Find out more<\/span>\n\t\t\t\t\t<\/span>\n\t\t\t\t\t<\/a>\n\t\t\t\t<\/div>\n\t\t\t\t\t\t\t\t<\/div>\n\t\t\t\t<\/div>\n\t\t\t\t<\/div>\n\t\t<div class=\"elementor-element elementor-element-4e3dfa7 e-con-full e-flex e-con e-child\" data-id=\"4e3dfa7\" data-element_type=\"container\" data-e-type=\"container\" data-settings=\"{&quot;background_background&quot;:&quot;classic&quot;}\">\n\t\t<div class=\"elementor-element elementor-element-8207be4 inner-curve inner-curve-primary e-flex e-con-boxed e-con e-child\" data-id=\"8207be4\" data-element_type=\"container\" data-e-type=\"container\" data-settings=\"{&quot;background_background&quot;:&quot;classic&quot;}\">\n\t\t\t\t\t<div class=\"e-con-inner\">\n\t\t\t\t\t<\/div>\n\t\t\t\t<\/div>\n\t\t\t\t<div class=\"elementor-element elementor-element-f0350d8 elementor-widget elementor-widget-heading\" data-id=\"f0350d8\" data-element_type=\"widget\" data-e-type=\"widget\" data-widget_type=\"heading.default\">\n\t\t\t\t<div class=\"elementor-widget-container\">\n\t\t\t\t\t<h2 class=\"elementor-heading-title elementor-size-default\">REFRESHMENT STANDS<\/h2>\t\t\t\t<\/div>\n\t\t\t\t<\/div>\n\t\t\t\t<div class=\"elementor-element elementor-element-875512c elementor-widget elementor-widget-text-editor\" data-id=\"875512c\" data-element_type=\"widget\" data-e-type=\"widget\" data-widget_type=\"text-editor.default\">\n\t\t\t\t<div class=\"elementor-widget-container\">\n\t\t\t\t\t\t\t\t\t<p>Want a coffee, a waffle or a snack? The park&#8217;s 3 refreshment bars satisfy your afternoon snacks (and cravings for a treat). <\/p>\t\t\t\t\t\t\t\t<\/div>\n\t\t\t\t<\/div>\n\t\t\t\t<div class=\"elementor-element elementor-element-d707b4e elementor-widget__width-auto elementor-align-center elementor-widget elementor-widget-button\" data-id=\"d707b4e\" data-element_type=\"widget\" data-e-type=\"widget\" data-widget_type=\"button.default\">\n\t\t\t\t<div class=\"elementor-widget-container\">\n\t\t\t\t\t\t\t\t\t<div class=\"elementor-button-wrapper\">\n\t\t\t\t\t<a class=\"elementor-button elementor-button-link elementor-size-sm\" href=\"https:\/\/signaldebougy.ch\/en\/dining\/refreshment-stands\/\">\n\t\t\t\t\t\t<span class=\"elementor-button-content-wrapper\">\n\t\t\t\t\t\t\t\t\t<span class=\"elementor-button-text\">Find out more<\/span>\n\t\t\t\t\t<\/span>\n\t\t\t\t\t<\/a>\n\t\t\t\t<\/div>\n\t\t\t\t\t\t\t\t<\/div>\n\t\t\t\t<\/div>\n\t\t\t\t<\/div>\n\t\t\t\t<\/div>\n\t\t\t\t<\/div>\n\t\t\t\t\t<\/div>\n\t\t\t\t<\/div>\n\t\t<div class=\"elementor-element elementor-element-a39a8f7 e-flex e-con-boxed e-con e-parent\" data-id=\"a39a8f7\" data-element_type=\"container\" data-e-type=\"container\">\n\t\t\t\t\t<div class=\"e-con-inner\">\n\t\t\t\t<div class=\"elementor-element elementor-element-2a65a82 elementor-widget elementor-widget-spacer\" data-id=\"2a65a82\" data-element_type=\"widget\" data-e-type=\"widget\" data-widget_type=\"spacer.default\">\n\t\t\t\t<div class=\"elementor-widget-container\">\n\t\t\t\t\t\t\t<div class=\"elementor-spacer\">\n\t\t\t<div class=\"elementor-spacer-inner\"><\/div>\n\t\t<\/div>\n\t\t\t\t\t\t<\/div>\n\t\t\t\t<\/div>\n\t\t\t\t\t<\/div>\n\t\t\t\t<\/div>\n\t\t\t\t<\/div>\n\t\t","protected":false},"excerpt":{"rendered":"<p>Venez savourer nos glaces onctueuses et rafraichissantes tout en profitant d\u2019une vue imprenable sur le L\u00e9man et le Mont Blanc. De quoi s\u2019offrir un pur moment de d\u00e9tente, de d\u00e9lice [&hellip;]<\/p>\n","protected":false},"author":1,"featured_media":0,"parent":9512,"menu_order":0,"comment_status":"closed","ping_status":"closed","template":"","meta":{"_acf_changed":false,"footnotes":""},"class_list":["post-9613","page","type-page","status-publish","hentry"],"acf":[],"yoast_head":"<!-- This site is optimized with the Yoast SEO Premium plugin v24.6 (Yoast SEO v27.1.1) - https:\/\/yoast.com\/product\/yoast-seo-premium-wordpress\/ -->\n<title>Gelateria - Parc du Signal de Bougy<\/title>\n<meta name=\"description\" content=\"Comment refuser une bonne glace l&#039;apr\u00e8s-midi? La Gelateria est l&#039;arr\u00eat incontournable des petits et des grands dans le Parc du Signal de Bougy.\" \/>\n<meta name=\"robots\" content=\"index, follow, max-snippet:-1, max-image-preview:large, max-video-preview:-1\" \/>\n<link rel=\"canonical\" href=\"https:\/\/signaldebougy.ch\/en\/dining\/gelateria\/\" \/>\n<meta property=\"og:locale\" content=\"en_US\" \/>\n<meta property=\"og:type\" content=\"article\" \/>\n<meta property=\"og:title\" content=\"Gelateria\" \/>\n<meta property=\"og:description\" content=\"Comment refuser une bonne glace l&#039;apr\u00e8s-midi? La Gelateria est l&#039;arr\u00eat incontournable des petits et des grands dans le Parc du Signal de Bougy.\" \/>\n<meta property=\"og:url\" content=\"https:\/\/signaldebougy.ch\/en\/dining\/gelateria\/\" \/>\n<meta property=\"og:site_name\" content=\"Signal de Bougy\" \/>\n<meta property=\"article:modified_time\" content=\"2026-03-15T15:38:02+00:00\" \/>\n<meta property=\"og:image\" content=\"https:\/\/signaldebougy.ch\/wp-content\/uploads\/2023\/05\/attractions_ouvertures.png\" \/>\n<meta name=\"twitter:card\" content=\"summary_large_image\" \/>\n<meta name=\"twitter:label1\" content=\"Est. reading time\" \/>\n\t<meta name=\"twitter:data1\" content=\"2 minutes\" \/>\n<script type=\"application\/ld+json\" class=\"yoast-schema-graph\">{\"@context\":\"https:\/\/schema.org\",\"@graph\":[{\"@type\":\"WebPage\",\"@id\":\"https:\/\/signaldebougy.ch\/en\/dining\/gelateria\/\",\"url\":\"https:\/\/signaldebougy.ch\/en\/dining\/gelateria\/\",\"name\":\"Gelateria - Parc du Signal de Bougy\",\"isPartOf\":{\"@id\":\"https:\/\/signaldebougy.ch\/en\/#website\"},\"primaryImageOfPage\":{\"@id\":\"https:\/\/signaldebougy.ch\/en\/dining\/gelateria\/#primaryimage\"},\"image\":{\"@id\":\"https:\/\/signaldebougy.ch\/en\/dining\/gelateria\/#primaryimage\"},\"thumbnailUrl\":\"https:\/\/signaldebougy.ch\/wp-content\/uploads\/2023\/05\/attractions_ouvertures.png\",\"datePublished\":\"2023-05-09T13:14:47+00:00\",\"dateModified\":\"2026-03-15T15:38:02+00:00\",\"description\":\"Comment refuser une bonne glace l'apr\u00e8s-midi? La Gelateria est l'arr\u00eat incontournable des petits et des grands dans le Parc du Signal de Bougy.\",\"breadcrumb\":{\"@id\":\"https:\/\/signaldebougy.ch\/en\/dining\/gelateria\/#breadcrumb\"},\"inLanguage\":\"en-US\",\"potentialAction\":[{\"@type\":\"ReadAction\",\"target\":[\"https:\/\/signaldebougy.ch\/en\/dining\/gelateria\/\"]}]},{\"@type\":\"ImageObject\",\"inLanguage\":\"en-US\",\"@id\":\"https:\/\/signaldebougy.ch\/en\/dining\/gelateria\/#primaryimage\",\"url\":\"https:\/\/signaldebougy.ch\/wp-content\/uploads\/2023\/05\/attractions_ouvertures.png\",\"contentUrl\":\"https:\/\/signaldebougy.ch\/wp-content\/uploads\/2023\/05\/attractions_ouvertures.png\"},{\"@type\":\"BreadcrumbList\",\"@id\":\"https:\/\/signaldebougy.ch\/en\/dining\/gelateria\/#breadcrumb\",\"itemListElement\":[{\"@type\":\"ListItem\",\"position\":1,\"name\":\"Accueil\",\"item\":\"https:\/\/signaldebougy.ch\/en\/\"},{\"@type\":\"ListItem\",\"position\":2,\"name\":\"Dining\",\"item\":\"https:\/\/signaldebougy.ch\/en\/restauration\/\"},{\"@type\":\"ListItem\",\"position\":3,\"name\":\"Gelateria\"}]},{\"@type\":\"WebSite\",\"@id\":\"https:\/\/signaldebougy.ch\/en\/#website\",\"url\":\"https:\/\/signaldebougy.ch\/en\/\",\"name\":\"Signal de Bougy\",\"description\":\"Parc de Loisirs Suisse\",\"publisher\":{\"@id\":\"https:\/\/signaldebougy.ch\/en\/#organization\"},\"potentialAction\":[{\"@type\":\"SearchAction\",\"target\":{\"@type\":\"EntryPoint\",\"urlTemplate\":\"https:\/\/signaldebougy.ch\/en\/?s={search_term_string}\"},\"query-input\":{\"@type\":\"PropertyValueSpecification\",\"valueRequired\":true,\"valueName\":\"search_term_string\"}}],\"inLanguage\":\"en-US\"},{\"@type\":\"Organization\",\"@id\":\"https:\/\/signaldebougy.ch\/en\/#organization\",\"name\":\"Signal de Bougy\",\"url\":\"https:\/\/signaldebougy.ch\/en\/\",\"logo\":{\"@type\":\"ImageObject\",\"inLanguage\":\"en-US\",\"@id\":\"https:\/\/signaldebougy.ch\/en\/#\/schema\/logo\/image\/\",\"url\":\"https:\/\/signaldebougy.ch\/wp-content\/uploads\/2023\/05\/logo_sdb.png\",\"contentUrl\":\"https:\/\/signaldebougy.ch\/wp-content\/uploads\/2023\/05\/logo_sdb.png\",\"width\":160,\"height\":199,\"caption\":\"Signal de Bougy\"},\"image\":{\"@id\":\"https:\/\/signaldebougy.ch\/en\/#\/schema\/logo\/image\/\"}}]}<\/script>\n<!-- \/ Yoast SEO Premium plugin. -->","yoast_head_json":{"title":"Gelateria - Parc du Signal de Bougy","description":"Comment refuser une bonne glace l'apr\u00e8s-midi? La Gelateria est l'arr\u00eat incontournable des petits et des grands dans le Parc du Signal de Bougy.","robots":{"index":"index","follow":"follow","max-snippet":"max-snippet:-1","max-image-preview":"max-image-preview:large","max-video-preview":"max-video-preview:-1"},"canonical":"https:\/\/signaldebougy.ch\/en\/dining\/gelateria\/","og_locale":"en_US","og_type":"article","og_title":"Gelateria","og_description":"Comment refuser une bonne glace l'apr\u00e8s-midi? La Gelateria est l'arr\u00eat incontournable des petits et des grands dans le Parc du Signal de Bougy.","og_url":"https:\/\/signaldebougy.ch\/en\/dining\/gelateria\/","og_site_name":"Signal de Bougy","article_modified_time":"2026-03-15T15:38:02+00:00","og_image":[{"url":"https:\/\/signaldebougy.ch\/wp-content\/uploads\/2023\/05\/attractions_ouvertures.png","type":"","width":"","height":""}],"twitter_card":"summary_large_image","twitter_misc":{"Est. reading time":"2 minutes"},"schema":{"@context":"https:\/\/schema.org","@graph":[{"@type":"WebPage","@id":"https:\/\/signaldebougy.ch\/en\/dining\/gelateria\/","url":"https:\/\/signaldebougy.ch\/en\/dining\/gelateria\/","name":"Gelateria - Parc du Signal de Bougy","isPartOf":{"@id":"https:\/\/signaldebougy.ch\/en\/#website"},"primaryImageOfPage":{"@id":"https:\/\/signaldebougy.ch\/en\/dining\/gelateria\/#primaryimage"},"image":{"@id":"https:\/\/signaldebougy.ch\/en\/dining\/gelateria\/#primaryimage"},"thumbnailUrl":"https:\/\/signaldebougy.ch\/wp-content\/uploads\/2023\/05\/attractions_ouvertures.png","datePublished":"2023-05-09T13:14:47+00:00","dateModified":"2026-03-15T15:38:02+00:00","description":"Comment refuser une bonne glace l'apr\u00e8s-midi? La Gelateria est l'arr\u00eat incontournable des petits et des grands dans le Parc du Signal de Bougy.","breadcrumb":{"@id":"https:\/\/signaldebougy.ch\/en\/dining\/gelateria\/#breadcrumb"},"inLanguage":"en-US","potentialAction":[{"@type":"ReadAction","target":["https:\/\/signaldebougy.ch\/en\/dining\/gelateria\/"]}]},{"@type":"ImageObject","inLanguage":"en-US","@id":"https:\/\/signaldebougy.ch\/en\/dining\/gelateria\/#primaryimage","url":"https:\/\/signaldebougy.ch\/wp-content\/uploads\/2023\/05\/attractions_ouvertures.png","contentUrl":"https:\/\/signaldebougy.ch\/wp-content\/uploads\/2023\/05\/attractions_ouvertures.png"},{"@type":"BreadcrumbList","@id":"https:\/\/signaldebougy.ch\/en\/dining\/gelateria\/#breadcrumb","itemListElement":[{"@type":"ListItem","position":1,"name":"Accueil","item":"https:\/\/signaldebougy.ch\/en\/"},{"@type":"ListItem","position":2,"name":"Dining","item":"https:\/\/signaldebougy.ch\/en\/restauration\/"},{"@type":"ListItem","position":3,"name":"Gelateria"}]},{"@type":"WebSite","@id":"https:\/\/signaldebougy.ch\/en\/#website","url":"https:\/\/signaldebougy.ch\/en\/","name":"Signal de Bougy","description":"Parc de Loisirs Suisse","publisher":{"@id":"https:\/\/signaldebougy.ch\/en\/#organization"},"potentialAction":[{"@type":"SearchAction","target":{"@type":"EntryPoint","urlTemplate":"https:\/\/signaldebougy.ch\/en\/?s={search_term_string}"},"query-input":{"@type":"PropertyValueSpecification","valueRequired":true,"valueName":"search_term_string"}}],"inLanguage":"en-US"},{"@type":"Organization","@id":"https:\/\/signaldebougy.ch\/en\/#organization","name":"Signal de Bougy","url":"https:\/\/signaldebougy.ch\/en\/","logo":{"@type":"ImageObject","inLanguage":"en-US","@id":"https:\/\/signaldebougy.ch\/en\/#\/schema\/logo\/image\/","url":"https:\/\/signaldebougy.ch\/wp-content\/uploads\/2023\/05\/logo_sdb.png","contentUrl":"https:\/\/signaldebougy.ch\/wp-content\/uploads\/2023\/05\/logo_sdb.png","width":160,"height":199,"caption":"Signal de Bougy"},"image":{"@id":"https:\/\/signaldebougy.ch\/en\/#\/schema\/logo\/image\/"}}]}},"_links":{"self":[{"href":"https:\/\/signaldebougy.ch\/en\/wp-json\/wp\/v2\/pages\/9613","targetHints":{"allow":["GET"]}}],"collection":[{"href":"https:\/\/signaldebougy.ch\/en\/wp-json\/wp\/v2\/pages"}],"about":[{"href":"https:\/\/signaldebougy.ch\/en\/wp-json\/wp\/v2\/types\/page"}],"author":[{"embeddable":true,"href":"https:\/\/signaldebougy.ch\/en\/wp-json\/wp\/v2\/users\/1"}],"replies":[{"embeddable":true,"href":"https:\/\/signaldebougy.ch\/en\/wp-json\/wp\/v2\/comments?post=9613"}],"version-history":[{"count":7,"href":"https:\/\/signaldebougy.ch\/en\/wp-json\/wp\/v2\/pages\/9613\/revisions"}],"predecessor-version":[{"id":10925,"href":"https:\/\/signaldebougy.ch\/en\/wp-json\/wp\/v2\/pages\/9613\/revisions\/10925"}],"up":[{"embeddable":true,"href":"https:\/\/signaldebougy.ch\/en\/wp-json\/wp\/v2\/pages\/9512"}],"wp:attachment":[{"href":"https:\/\/signaldebougy.ch\/en\/wp-json\/wp\/v2\/media?parent=9613"}],"curies":[{"name":"wp","href":"https:\/\/api.w.org\/{rel}","templated":true}]}}