{"id":10004,"date":"2023-05-09T14:08:29","date_gmt":"2023-05-09T12:08:29","guid":{"rendered":"https:\/\/signaldebougy.ch\/information\/contact\/"},"modified":"2026-04-07T15:41:18","modified_gmt":"2026-04-07T13:41:18","slug":"contact","status":"publish","type":"page","link":"https:\/\/signaldebougy.ch\/en\/information\/contact\/","title":{"rendered":"Contact"},"content":{"rendered":"\t\t<div data-elementor-type=\"wp-page\" data-elementor-id=\"10004\" class=\"elementor elementor-10004 elementor-18\" data-elementor-post-type=\"page\">\n\t\t\t\t<div class=\"elementor-element elementor-element-3084052 e-flex e-con-boxed e-con e-parent\" data-id=\"3084052\" data-element_type=\"container\" data-e-type=\"container\" data-settings=\"{&quot;background_background&quot;:&quot;classic&quot;}\">\n\t\t\t\t\t<div class=\"e-con-inner\">\n\t\t<div class=\"elementor-element elementor-element-fee0260 e-flex e-con-boxed e-con e-child\" data-id=\"fee0260\" data-element_type=\"container\" data-e-type=\"container\">\n\t\t\t\t\t<div class=\"e-con-inner\">\n\t\t\t\t<div class=\"elementor-element elementor-element-4ce6255 elementor-widget elementor-widget-heading\" data-id=\"4ce6255\" data-element_type=\"widget\" data-e-type=\"widget\" data-widget_type=\"heading.default\">\n\t\t\t\t<div class=\"elementor-widget-container\">\n\t\t\t\t\t<h1 class=\"elementor-heading-title elementor-size-default\">CONTACT<\/h1>\t\t\t\t<\/div>\n\t\t\t\t<\/div>\n\t\t\t\t<div class=\"elementor-element elementor-element-3f7835b elementor-widget elementor-widget-text-editor\" data-id=\"3f7835b\" data-element_type=\"widget\" data-e-type=\"widget\" data-widget_type=\"text-editor.default\">\n\t\t\t\t<div class=\"elementor-widget-container\">\n\t\t\t\t\t\t\t\t\t<p>Une question ? Besoin d\u2019un devis ?<br \/>Remplissez le formulaire afin que notre \u00e9quipe vous recontacte dans les meilleurs d\u00e9lais.<\/p>\t\t\t\t\t\t\t\t<\/div>\n\t\t\t\t<\/div>\n\t\t<div class=\"elementor-element elementor-element-e9dab5a e-flex e-con-boxed e-con e-child\" data-id=\"e9dab5a\" data-element_type=\"container\" data-e-type=\"container\" data-settings=\"{&quot;background_background&quot;:&quot;classic&quot;}\">\n\t\t\t\t\t<div class=\"e-con-inner\">\n\t\t\t\t<div class=\"elementor-element elementor-element-a4680ed elementor-button-align-stretch elementor-widget elementor-widget-form\" data-id=\"a4680ed\" data-element_type=\"widget\" data-e-type=\"widget\" id=\"contact_form\" data-settings=\"{&quot;step_next_label&quot;:&quot;Suivant&quot;,&quot;step_previous_label&quot;:&quot;Pr\\u00e9c\\u00e9dent&quot;,&quot;button_width&quot;:&quot;100&quot;,&quot;step_type&quot;:&quot;number_text&quot;,&quot;step_icon_shape&quot;:&quot;circle&quot;}\" data-widget_type=\"form.default\">\n\t\t\t\t<div class=\"elementor-widget-container\">\n\t\t\t\t\t\t\t<form class=\"elementor-form\" method=\"post\" name=\"Formulaire de contact\" aria-label=\"Formulaire de contact\" novalidate=\"\">\n\t\t\t<input type=\"hidden\" name=\"post_id\" value=\"10004\"\/>\n\t\t\t<input type=\"hidden\" name=\"form_id\" value=\"a4680ed\"\/>\n\t\t\t<input type=\"hidden\" name=\"referer_title\" value=\"Contact | Signal de Bougy\" \/>\n\n\t\t\t\t\t\t\t<input type=\"hidden\" name=\"queried_id\" value=\"10004\"\/>\n\t\t\t\n\t\t\t<div class=\"elementor-form-fields-wrapper elementor-labels-above\">\n\t\t\t\t\t\t\t\t<div class=\"elementor-field-type-text elementor-field-group elementor-column elementor-field-group-firstname elementor-col-50 elementor-field-required\">\n\t\t\t\t\t\t\t\t\t\t\t\t<label for=\"form-field-firstname\" class=\"elementor-field-label\">\n\t\t\t\t\t\t\t\tPr\u00e9nom*\t\t\t\t\t\t\t<\/label>\n\t\t\t\t\t\t\t\t\t\t\t\t\t\t<input size=\"1\" type=\"text\" name=\"form_fields[firstname]\" id=\"form-field-firstname\" class=\"elementor-field elementor-size-sm  elementor-field-textual\" required=\"required\">\n\t\t\t\t\t\t\t\t\t\t\t<\/div>\n\t\t\t\t\t\t\t\t<div class=\"elementor-field-type-text elementor-field-group elementor-column elementor-field-group-lastname elementor-col-50 elementor-field-required\">\n\t\t\t\t\t\t\t\t\t\t\t\t<label for=\"form-field-lastname\" class=\"elementor-field-label\">\n\t\t\t\t\t\t\t\tNom*\t\t\t\t\t\t\t<\/label>\n\t\t\t\t\t\t\t\t\t\t\t\t\t\t<input size=\"1\" type=\"text\" name=\"form_fields[lastname]\" id=\"form-field-lastname\" class=\"elementor-field elementor-size-sm  elementor-field-textual\" required=\"required\">\n\t\t\t\t\t\t\t\t\t\t\t<\/div>\n\t\t\t\t\t\t\t\t<div class=\"elementor-field-type-text elementor-field-group elementor-column elementor-field-group-company elementor-col-100\">\n\t\t\t\t\t\t\t\t\t\t\t\t<label for=\"form-field-company\" class=\"elementor-field-label\">\n\t\t\t\t\t\t\t\tSoci\u00e9t\u00e9\t\t\t\t\t\t\t<\/label>\n\t\t\t\t\t\t\t\t\t\t\t\t\t\t<input size=\"1\" type=\"text\" name=\"form_fields[company]\" id=\"form-field-company\" class=\"elementor-field elementor-size-sm  elementor-field-textual\">\n\t\t\t\t\t\t\t\t\t\t\t<\/div>\n\t\t\t\t\t\t\t\t<div class=\"elementor-field-type-email elementor-field-group elementor-column elementor-field-group-email elementor-col-50 elementor-field-required\">\n\t\t\t\t\t\t\t\t\t\t\t\t<label for=\"form-field-email\" class=\"elementor-field-label\">\n\t\t\t\t\t\t\t\tEmail*\t\t\t\t\t\t\t<\/label>\n\t\t\t\t\t\t\t\t\t\t\t\t\t\t<input size=\"1\" type=\"email\" name=\"form_fields[email]\" id=\"form-field-email\" class=\"elementor-field elementor-size-sm  elementor-field-textual\" required=\"required\">\n\t\t\t\t\t\t\t\t\t\t\t<\/div>\n\t\t\t\t\t\t\t\t<div class=\"elementor-field-type-tel elementor-field-group elementor-column elementor-field-group-phone elementor-col-50\">\n\t\t\t\t\t\t\t\t\t\t\t\t<label for=\"form-field-phone\" class=\"elementor-field-label\">\n\t\t\t\t\t\t\t\tT\u00e9l\u00e9phone\t\t\t\t\t\t\t<\/label>\n\t\t\t\t\t\t\t\t<input size=\"1\" type=\"tel\" name=\"form_fields[phone]\" id=\"form-field-phone\" class=\"elementor-field elementor-size-sm  elementor-field-textual\" pattern=\"[0-9()#&amp;+*-=.]+\" title=\"Only numbers and phone characters (#, -, *, etc) are accepted.\">\n\n\t\t\t\t\t\t<\/div>\n\t\t\t\t\t\t\t\t<div class=\"elementor-field-type-select elementor-field-group elementor-column elementor-field-group-objet elementor-col-100\">\n\t\t\t\t\t\t\t\t\t\t\t\t<label for=\"form-field-objet\" class=\"elementor-field-label\">\n\t\t\t\t\t\t\t\tObjet de votre demande\t\t\t\t\t\t\t<\/label>\n\t\t\t\t\t\t\t\t<div class=\"elementor-field elementor-select-wrapper remove-before \">\n\t\t\t<div class=\"select-caret-down-wrapper\">\n\t\t\t\t<svg aria-hidden=\"true\" class=\"e-font-icon-svg e-eicon-caret-down\" viewBox=\"0 0 571.4 571.4\" xmlns=\"http:\/\/www.w3.org\/2000\/svg\"><path d=\"M571 393Q571 407 561 418L311 668Q300 679 286 679T261 668L11 418Q0 407 0 393T11 368 36 357H536Q550 357 561 368T571 393Z\"><\/path><\/svg>\t\t\t<\/div>\n\t\t\t<select name=\"form_fields[objet]\" id=\"form-field-objet\" class=\"elementor-field-textual elementor-size-sm\">\n\t\t\t\t\t\t\t\t\t<option value=\"S\u00e9lectionner\u2026\">S\u00e9lectionner\u2026<\/option>\n\t\t\t\t\t\t\t\t\t<option value=\"Anniversaires enfants \">Anniversaires enfants <\/option>\n\t\t\t\t\t\t\t\t\t<option value=\"Restauration\">Restauration<\/option>\n\t\t\t\t\t\t\t\t\t<option value=\"Activit\u00e9s et Loisirs\">Activit\u00e9s et Loisirs<\/option>\n\t\t\t\t\t\t\t\t\t<option value=\"R\u00e9servation Amphith\u00e9\u00e2tre\">R\u00e9servation Amphith\u00e9\u00e2tre<\/option>\n\t\t\t\t\t\t\t\t\t<option value=\"Course d\u2019\u00e9cole\">Course d\u2019\u00e9cole<\/option>\n\t\t\t\t\t\t\t\t\t<option value=\"Offre d\u2019emploi\">Offre d\u2019emploi<\/option>\n\t\t\t\t\t\t\t\t\t<option value=\"Objet perdu\">Objet perdu<\/option>\n\t\t\t\t\t\t\t\t\t<option value=\"Autre demande\">Autre demande<\/option>\n\t\t\t\t\t\t\t<\/select>\n\t\t<\/div>\n\t\t\t\t\t\t<\/div>\n\t\t\t\t\t\t\t\t<div class=\"elementor-field-type-textarea elementor-field-group elementor-column elementor-field-group-message elementor-col-100 elementor-field-required\">\n\t\t\t\t\t\t\t\t\t\t\t\t<label for=\"form-field-message\" class=\"elementor-field-label\">\n\t\t\t\t\t\t\t\tVotre message*\t\t\t\t\t\t\t<\/label>\n\t\t\t\t\t\t<textarea class=\"elementor-field-textual elementor-field  elementor-size-sm\" name=\"form_fields[message]\" id=\"form-field-message\" rows=\"4\" required=\"required\"><\/textarea>\t\t\t\t<\/div>\n\t\t\t\t\t\t\t\t<div class=\"elementor-field-type-recaptcha_v3 elementor-field-group elementor-column elementor-field-group-field_cf01303 elementor-col-100 recaptcha_v3-bottomright\">\n\t\t\t\t\t<div class=\"elementor-field\" id=\"form-field-field_cf01303\"><div class=\"elementor-g-recaptcha\" data-sitekey=\"6LfnhXAnAAAAAHT1sjtmWpU6DiLoUtzRX5lYw7U1\" data-type=\"v3\" data-action=\"Form\" data-badge=\"bottomright\" data-size=\"invisible\"><\/div><\/div>\t\t\t\t<\/div>\n\t\t\t\t\t\t\t\t<div class=\"elementor-field-group elementor-column elementor-field-type-submit elementor-col-100 e-form__buttons\">\n\t\t\t\t\t<button class=\"elementor-button elementor-size-sm\" type=\"submit\" id=\"contact_btn\">\n\t\t\t\t\t\t<span class=\"elementor-button-content-wrapper\">\n\t\t\t\t\t\t\t\t\t\t\t\t\t\t\t\t\t\t\t\t\t\t<span class=\"elementor-button-text\">Envoyer<\/span>\n\t\t\t\t\t\t\t\t\t\t\t\t\t<\/span>\n\t\t\t\t\t<\/button>\n\t\t\t\t<\/div>\n\t\t\t<\/div>\n\t\t<\/form>\n\t\t\t\t\t\t<\/div>\n\t\t\t\t<\/div>\n\t\t\t\t<div class=\"elementor-element elementor-element-d92da60 elementor-widget elementor-widget-text-editor\" data-id=\"d92da60\" data-element_type=\"widget\" data-e-type=\"widget\" data-widget_type=\"text-editor.default\">\n\t\t\t\t<div class=\"elementor-widget-container\">\n\t\t\t\t\t\t\t\t\t<p>En soumettant le formulaire, vous confirmez que vous avez lu la d\u00e9claration de <strong><span style=\"text-decoration: underline;\"><a href=\"https:\/\/privacy.migros.ch\/fr.html\" target=\"_blank\" rel=\"noopener\">protection des donn\u00e9es<\/a><\/span><\/strong> et que le traitement de vos donn\u00e9es qui y est d\u00e9crit a pris connaissance des donn\u00e9es personnelles.<\/p>\t\t\t\t\t\t\t\t<\/div>\n\t\t\t\t<\/div>\n\t\t\t\t\t<\/div>\n\t\t\t\t<\/div>\n\t\t\t\t\t<\/div>\n\t\t\t\t<\/div>\n\t\t\t\t\t<\/div>\n\t\t\t\t<\/div>\n\t\t\t\t<\/div>\n\t\t","protected":false},"excerpt":{"rendered":"<p>CONTACT Une question ? Besoin d\u2019un devis ? Remplissez le formulaire afin que notre \u00e9quipe vous recontacte dans les meilleurs d\u00e9lais. En soumettant le formulaire, vous confirmez que vous avez [&hellip;]<\/p>\n","protected":false},"author":1,"featured_media":0,"parent":4371,"menu_order":0,"comment_status":"closed","ping_status":"closed","template":"","meta":{"_acf_changed":false,"footnotes":""},"class_list":["post-10004","page","type-page","status-publish","hentry"],"acf":[],"yoast_head":"<!-- This site is optimized with the Yoast SEO Premium plugin v24.6 (Yoast SEO v27.1.1) - https:\/\/yoast.com\/product\/yoast-seo-premium-wordpress\/ -->\n<title>Contact | Signal de Bougy<\/title>\n<meta name=\"description\" content=\"Contactez le Signal de Bougy pour toute question, demande de devis ou r\u00e9servation. Parc de loisirs et \u00e9v\u00e9nements entre Gen\u00e8ve et Lausanne.\" \/>\n<meta name=\"robots\" content=\"index, follow, max-snippet:-1, max-image-preview:large, max-video-preview:-1\" \/>\n<link rel=\"canonical\" href=\"https:\/\/signaldebougy.ch\/en\/information\/contact\/\" \/>\n<meta property=\"og:locale\" content=\"en_US\" \/>\n<meta property=\"og:type\" content=\"article\" \/>\n<meta property=\"og:title\" content=\"Contact\" \/>\n<meta property=\"og:description\" content=\"Contactez le Signal de Bougy pour toute question, demande de devis ou r\u00e9servation. Parc de loisirs et \u00e9v\u00e9nements entre Gen\u00e8ve et Lausanne.\" \/>\n<meta property=\"og:url\" content=\"https:\/\/signaldebougy.ch\/en\/information\/contact\/\" \/>\n<meta property=\"og:site_name\" content=\"Signal de Bougy\" \/>\n<meta property=\"article:modified_time\" content=\"2026-04-07T13:41:18+00:00\" \/>\n<meta name=\"twitter:card\" content=\"summary_large_image\" \/>\n<meta name=\"twitter:label1\" content=\"Est. reading time\" \/>\n\t<meta name=\"twitter:data1\" content=\"1 minute\" \/>\n<script type=\"application\/ld+json\" class=\"yoast-schema-graph\">{\"@context\":\"https:\/\/schema.org\",\"@graph\":[{\"@type\":\"WebPage\",\"@id\":\"https:\/\/signaldebougy.ch\/en\/information\/contact\/\",\"url\":\"https:\/\/signaldebougy.ch\/en\/information\/contact\/\",\"name\":\"Contact | Signal de Bougy\",\"isPartOf\":{\"@id\":\"https:\/\/signaldebougy.ch\/en\/#website\"},\"datePublished\":\"2023-05-09T12:08:29+00:00\",\"dateModified\":\"2026-04-07T13:41:18+00:00\",\"description\":\"Contactez le Signal de Bougy pour toute question, demande de devis ou r\u00e9servation. Parc de loisirs et \u00e9v\u00e9nements entre Gen\u00e8ve et Lausanne.\",\"breadcrumb\":{\"@id\":\"https:\/\/signaldebougy.ch\/en\/information\/contact\/#breadcrumb\"},\"inLanguage\":\"en-US\",\"potentialAction\":[{\"@type\":\"ReadAction\",\"target\":[\"https:\/\/signaldebougy.ch\/en\/information\/contact\/\"]}]},{\"@type\":\"BreadcrumbList\",\"@id\":\"https:\/\/signaldebougy.ch\/en\/information\/contact\/#breadcrumb\",\"itemListElement\":[{\"@type\":\"ListItem\",\"position\":1,\"name\":\"Accueil\",\"item\":\"https:\/\/signaldebougy.ch\/en\/\"},{\"@type\":\"ListItem\",\"position\":2,\"name\":\"Information\",\"item\":\"https:\/\/signaldebougy.ch\/en\/information\/\"},{\"@type\":\"ListItem\",\"position\":3,\"name\":\"Contact\"}]},{\"@type\":\"WebSite\",\"@id\":\"https:\/\/signaldebougy.ch\/en\/#website\",\"url\":\"https:\/\/signaldebougy.ch\/en\/\",\"name\":\"Signal de Bougy\",\"description\":\"Parc de Loisirs Suisse\",\"publisher\":{\"@id\":\"https:\/\/signaldebougy.ch\/en\/#organization\"},\"potentialAction\":[{\"@type\":\"SearchAction\",\"target\":{\"@type\":\"EntryPoint\",\"urlTemplate\":\"https:\/\/signaldebougy.ch\/en\/?s={search_term_string}\"},\"query-input\":{\"@type\":\"PropertyValueSpecification\",\"valueRequired\":true,\"valueName\":\"search_term_string\"}}],\"inLanguage\":\"en-US\"},{\"@type\":\"Organization\",\"@id\":\"https:\/\/signaldebougy.ch\/en\/#organization\",\"name\":\"Signal de Bougy\",\"url\":\"https:\/\/signaldebougy.ch\/en\/\",\"logo\":{\"@type\":\"ImageObject\",\"inLanguage\":\"en-US\",\"@id\":\"https:\/\/signaldebougy.ch\/en\/#\/schema\/logo\/image\/\",\"url\":\"https:\/\/signaldebougy.ch\/wp-content\/uploads\/2023\/05\/logo_sdb.png\",\"contentUrl\":\"https:\/\/signaldebougy.ch\/wp-content\/uploads\/2023\/05\/logo_sdb.png\",\"width\":160,\"height\":199,\"caption\":\"Signal de Bougy\"},\"image\":{\"@id\":\"https:\/\/signaldebougy.ch\/en\/#\/schema\/logo\/image\/\"}}]}<\/script>\n<!-- \/ Yoast SEO Premium plugin. -->","yoast_head_json":{"title":"Contact | Signal de Bougy","description":"Contactez le Signal de Bougy pour toute question, demande de devis ou r\u00e9servation. Parc de loisirs et \u00e9v\u00e9nements entre Gen\u00e8ve et Lausanne.","robots":{"index":"index","follow":"follow","max-snippet":"max-snippet:-1","max-image-preview":"max-image-preview:large","max-video-preview":"max-video-preview:-1"},"canonical":"https:\/\/signaldebougy.ch\/en\/information\/contact\/","og_locale":"en_US","og_type":"article","og_title":"Contact","og_description":"Contactez le Signal de Bougy pour toute question, demande de devis ou r\u00e9servation. Parc de loisirs et \u00e9v\u00e9nements entre Gen\u00e8ve et Lausanne.","og_url":"https:\/\/signaldebougy.ch\/en\/information\/contact\/","og_site_name":"Signal de Bougy","article_modified_time":"2026-04-07T13:41:18+00:00","twitter_card":"summary_large_image","twitter_misc":{"Est. reading time":"1 minute"},"schema":{"@context":"https:\/\/schema.org","@graph":[{"@type":"WebPage","@id":"https:\/\/signaldebougy.ch\/en\/information\/contact\/","url":"https:\/\/signaldebougy.ch\/en\/information\/contact\/","name":"Contact | Signal de Bougy","isPartOf":{"@id":"https:\/\/signaldebougy.ch\/en\/#website"},"datePublished":"2023-05-09T12:08:29+00:00","dateModified":"2026-04-07T13:41:18+00:00","description":"Contactez le Signal de Bougy pour toute question, demande de devis ou r\u00e9servation. Parc de loisirs et \u00e9v\u00e9nements entre Gen\u00e8ve et Lausanne.","breadcrumb":{"@id":"https:\/\/signaldebougy.ch\/en\/information\/contact\/#breadcrumb"},"inLanguage":"en-US","potentialAction":[{"@type":"ReadAction","target":["https:\/\/signaldebougy.ch\/en\/information\/contact\/"]}]},{"@type":"BreadcrumbList","@id":"https:\/\/signaldebougy.ch\/en\/information\/contact\/#breadcrumb","itemListElement":[{"@type":"ListItem","position":1,"name":"Accueil","item":"https:\/\/signaldebougy.ch\/en\/"},{"@type":"ListItem","position":2,"name":"Information","item":"https:\/\/signaldebougy.ch\/en\/information\/"},{"@type":"ListItem","position":3,"name":"Contact"}]},{"@type":"WebSite","@id":"https:\/\/signaldebougy.ch\/en\/#website","url":"https:\/\/signaldebougy.ch\/en\/","name":"Signal de Bougy","description":"Parc de Loisirs Suisse","publisher":{"@id":"https:\/\/signaldebougy.ch\/en\/#organization"},"potentialAction":[{"@type":"SearchAction","target":{"@type":"EntryPoint","urlTemplate":"https:\/\/signaldebougy.ch\/en\/?s={search_term_string}"},"query-input":{"@type":"PropertyValueSpecification","valueRequired":true,"valueName":"search_term_string"}}],"inLanguage":"en-US"},{"@type":"Organization","@id":"https:\/\/signaldebougy.ch\/en\/#organization","name":"Signal de Bougy","url":"https:\/\/signaldebougy.ch\/en\/","logo":{"@type":"ImageObject","inLanguage":"en-US","@id":"https:\/\/signaldebougy.ch\/en\/#\/schema\/logo\/image\/","url":"https:\/\/signaldebougy.ch\/wp-content\/uploads\/2023\/05\/logo_sdb.png","contentUrl":"https:\/\/signaldebougy.ch\/wp-content\/uploads\/2023\/05\/logo_sdb.png","width":160,"height":199,"caption":"Signal de Bougy"},"image":{"@id":"https:\/\/signaldebougy.ch\/en\/#\/schema\/logo\/image\/"}}]}},"_links":{"self":[{"href":"https:\/\/signaldebougy.ch\/en\/wp-json\/wp\/v2\/pages\/10004","targetHints":{"allow":["GET"]}}],"collection":[{"href":"https:\/\/signaldebougy.ch\/en\/wp-json\/wp\/v2\/pages"}],"about":[{"href":"https:\/\/signaldebougy.ch\/en\/wp-json\/wp\/v2\/types\/page"}],"author":[{"embeddable":true,"href":"https:\/\/signaldebougy.ch\/en\/wp-json\/wp\/v2\/users\/1"}],"replies":[{"embeddable":true,"href":"https:\/\/signaldebougy.ch\/en\/wp-json\/wp\/v2\/comments?post=10004"}],"version-history":[{"count":17,"href":"https:\/\/signaldebougy.ch\/en\/wp-json\/wp\/v2\/pages\/10004\/revisions"}],"predecessor-version":[{"id":10907,"href":"https:\/\/signaldebougy.ch\/en\/wp-json\/wp\/v2\/pages\/10004\/revisions\/10907"}],"up":[{"embeddable":true,"href":"https:\/\/signaldebougy.ch\/en\/wp-json\/wp\/v2\/pages\/4371"}],"wp:attachment":[{"href":"https:\/\/signaldebougy.ch\/en\/wp-json\/wp\/v2\/media?parent=10004"}],"curies":[{"name":"wp","href":"https:\/\/api.w.org\/{rel}","templated":true}]}}